{"id":979,"date":"2025-02-25T18:53:11","date_gmt":"2025-02-26T00:53:11","guid":{"rendered":"https:\/\/gaviotatour.com\/?page_id=979"},"modified":"2025-12-28T22:54:53","modified_gmt":"2025-12-29T04:54:53","slug":"terminos-y-condiciones","status":"publish","type":"page","link":"https:\/\/gaviotatour.com\/en\/terminos-y-condiciones\/","title":{"rendered":"Terms &amp; Conditions"},"content":{"rendered":"<div data-elementor-type=\"wp-page\" data-elementor-id=\"979\" class=\"elementor elementor-979\">\n\t\t\t\t<div class=\"elementor-element elementor-element-62a1c839 e-flex e-con-boxed e-con e-parent\" data-id=\"62a1c839\" data-element_type=\"container\" data-e-type=\"container\">\n\t\t\t\t\t<div class=\"e-con-inner\">\n\t\t\t\t<div class=\"elementor-element elementor-element-348581b3 elementor-widget elementor-widget-text-editor\" data-id=\"348581b3\" data-element_type=\"widget\" data-e-type=\"widget\" data-widget_type=\"text-editor.default\">\n\t\t\t\t<div class=\"elementor-widget-container\">\n\t\t\t\t\t\t\t\t\t<div data-block-id=\"1627517\">\n<h2><strong><span style=\"color: var(--theme-palette-color-4, #ffffff);\">T\u00e9rminos y Condiciones de\u00a0<\/span><\/strong><span style=\"background-color: inherit;\"><span style=\"color: #ffffff;\"><b>\u00a0Gaviota Company Tour CR<\/b><\/span><\/span><\/h2>\n<\/div>\n<p><!-- \/wp:stackable\/heading --><!-- wp:stackable\/spacer {\"uniqueId\":\"f8ef496\",\"height\":30} --><\/p>\n<div data-block-id=\"f8ef496\"><style>.stk-f8ef496 {height:30px !important;}<\/style><\/div>\n<p><!-- \/wp:stackable\/spacer --><!-- wp:list {\"ordered\":true} --><\/p>\n<ol>\n<li style=\"list-style-type: none;\">\n<ol><!-- wp:list-item {\"style\":{\"elements\":{\"link\":{\"color\":{\"text\":\"var:preset|color|palette-color-4\"}}}},\"textColor\":\"palette-color-4\",\"fontSize\":\"medium\"} --><\/ol>\n<\/li>\n<\/ol>\n<ol>\n<li style=\"list-style-type: none;\">\n<ol>\n<li><strong>Participant Responsibility<\/strong><\/li>\n<\/ol>\n<\/li>\n<\/ol>\n<p><!-- \/wp:list-item --><\/p>\n<p><!-- \/wp:list --><!-- wp:paragraph {\"style\":{\"elements\":{\"link\":{\"color\":{\"text\":\"var:preset|color|palette-color-4\"}}}},\"textColor\":\"palette-color-4\",\"fontSize\":\"medium\"} --><\/p>\n<p>I am aware that I must not feed any animals found in the wild during the tour.<\/p>\n<p><!-- \/wp:paragraph --><!-- wp:list {\"ordered\":true,\"start\":2} --><\/p>\n<ol start=\"2\">\n<li style=\"list-style-type: none;\">\n<ol start=\"2\"><!-- wp:list-item {\"style\":{\"elements\":{\"link\":{\"color\":{\"text\":\"var:preset|color|palette-color-4\"}}}},\"textColor\":\"palette-color-4\",\"fontSize\":\"medium\"} --><\/ol>\n<\/li>\n<\/ol>\n<ol start=\"2\">\n<li style=\"list-style-type: none;\">\n<ol start=\"2\">\n<li><strong>Cancellations and Refunds<\/strong><\/li>\n<\/ol>\n<\/li>\n<\/ol>\n<p><!-- \/wp:list-item --><\/p>\n<p><!-- \/wp:list --><!-- wp:paragraph {\"style\":{\"elements\":{\"link\":{\"color\":{\"text\":\"var:preset|color|palette-color-4\"}}}},\"textColor\":\"palette-color-4\",\"fontSize\":\"medium\"} --><\/p>\n<p>In the event that the tour is canceled due to bad weather or force majeure, all money paid after the booking date will be refunded. No refunds or credits will be granted if customers miss the boat trip. However, reservations can be canceled or rescheduled, subject to availability, with a maximum of 24 hours' notice before departure.<\/p>\n<p><!-- \/wp:paragraph --><!-- wp:list {\"ordered\":true,\"start\":3} --><\/p>\n<ol start=\"3\">\n<li style=\"list-style-type: none;\">\n<ol start=\"3\"><!-- wp:list-item {\"style\":{\"elements\":{\"link\":{\"color\":{\"text\":\"var:preset|color|palette-color-4\"}}}},\"textColor\":\"palette-color-4\",\"fontSize\":\"medium\"} --><\/ol>\n<\/li>\n<\/ol>\n<ol start=\"3\">\n<li style=\"list-style-type: none;\">\n<ol start=\"3\">\n<li><strong>Waiver and Release of Liability<\/strong><\/li>\n<\/ol>\n<\/li>\n<\/ol>\n<p><!-- \/wp:list-item --><\/p>\n<p><!-- \/wp:list --><!-- wp:paragraph {\"style\":{\"elements\":{\"link\":{\"color\":{\"text\":\"var:preset|color|palette-color-4\"}}}},\"textColor\":\"palette-color-4\",\"fontSize\":\"medium\"} --><\/p>\n<p>As a participant in the activity, I am aware of the following:<\/p>\n<p><!-- \/wp:paragraph --><!-- wp:list {\"type\":\"upper-roman\"} --><\/p>\n<ul>\n<li style=\"list-style-type: none;\">\n<ul><!-- wp:list-item {\"style\":{\"elements\":{\"link\":{\"color\":{\"text\":\"var:preset|color|palette-color-4\"}}}},\"textColor\":\"palette-color-4\",\"fontSize\":\"medium\"} --><\/ul>\n<\/li>\n<\/ul>\n<ul>\n<li style=\"list-style-type: none;\">\n<ul>\n<li><strong>Associated Risks<\/strong><\/li>\n<\/ul>\n<\/li>\n<\/ul>\n<p><!-- \/wp:list-item --><\/p>\n<p><!-- \/wp:list --><!-- wp:paragraph {\"style\":{\"elements\":{\"link\":{\"color\":{\"text\":\"var:preset|color|palette-color-4\"}}}},\"textColor\":\"palette-color-4\",\"fontSize\":\"medium\"} --><\/p>\n<p>Reconozco que participar en las actividades de\u00a0Gaviota Company Tour CR implica riesgos de lesiones, incluyendo, pero no limit\u00e1ndose a, enfermedades, par\u00e1lisis, y muerte. Asumo todos los riesgos relacionados con mi participaci\u00f3n.<\/p>\n<p><!-- \/wp:paragraph --><!-- wp:list {\"type\":\"upper-roman\",\"start\":2} --><\/p>\n<ul>\n<li style=\"list-style-type: none;\">\n<ul><!-- wp:list-item {\"style\":{\"elements\":{\"link\":{\"color\":{\"text\":\"var:preset|color|palette-color-4\"}}}},\"textColor\":\"palette-color-4\",\"fontSize\":\"medium\"} --><\/ul>\n<\/li>\n<\/ul>\n<ul>\n<li style=\"list-style-type: none;\">\n<ul>\n<li><strong>Release of Liability<\/strong><\/li>\n<\/ul>\n<\/li>\n<\/ul>\n<p><!-- \/wp:list-item --><\/p>\n<p><!-- \/wp:list --><!-- wp:paragraph {\"style\":{\"elements\":{\"link\":{\"color\":{\"text\":\"var:preset|color|palette-color-4\"}}}},\"textColor\":\"palette-color-4\",\"fontSize\":\"medium\"} --><\/p>\n<p>Renuncio a todos los derechos, reclamos o causas de acci\u00f3n que surjan de mi participaci\u00f3n en esta actividad, liberando a Gaviota Company Tours CR y sus afiliados de cualquier responsabilidad por lesiones f\u00edsicas o psicol\u00f3gicas.<\/p>\n<p><!-- \/wp:paragraph --><!-- wp:list {\"type\":\"upper-roman\",\"start\":3} --><\/p>\n<ul>\n<li style=\"list-style-type: none;\">\n<ul><!-- wp:list-item {\"style\":{\"elements\":{\"link\":{\"color\":{\"text\":\"var:preset|color|palette-color-4\"}}}},\"textColor\":\"palette-color-4\",\"fontSize\":\"medium\"} --><\/ul>\n<\/li>\n<\/ul>\n<ul>\n<li style=\"list-style-type: none;\">\n<ul>\n<li><strong>Responsibility for Personal Belongings<\/strong><\/li>\n<\/ul>\n<\/li>\n<\/ul>\n<p><!-- \/wp:list-item --><\/p>\n<p><!-- \/wp:list --><!-- wp:paragraph {\"style\":{\"elements\":{\"link\":{\"color\":{\"text\":\"var:preset|color|palette-color-4\"}}}},\"textColor\":\"palette-color-4\",\"fontSize\":\"medium\"} --><\/p>\n<p>Soy consciente de que Gaviota Company Tours CR no se hace responsable por objetos perdidos, robados o da\u00f1ados durante el tour.<\/p>\n<p><!-- \/wp:paragraph --><!-- wp:list {\"type\":\"upper-roman\",\"start\":4} --><\/p>\n<ul>\n<li style=\"list-style-type: none;\">\n<ul><!-- wp:list-item {\"style\":{\"elements\":{\"link\":{\"color\":{\"text\":\"var:preset|color|palette-color-4\"}}}},\"textColor\":\"palette-color-4\",\"fontSize\":\"medium\"} --><\/ul>\n<\/li>\n<\/ul>\n<ul>\n<li style=\"list-style-type: none;\">\n<ul>\n<li><strong>Indemnification<\/strong><\/li>\n<\/ul>\n<\/li>\n<\/ul>\n<p><!-- \/wp:list-item --><\/p>\n<p><!-- \/wp:list --><!-- wp:paragraph {\"style\":{\"elements\":{\"link\":{\"color\":{\"text\":\"var:preset|color|palette-color-4\"}}}},\"textColor\":\"palette-color-4\",\"fontSize\":\"medium\"} --><\/p>\n<p>Acepto indemnizar y eximir de responsabilidad a\u00a0Gaviota Company Tour CR contra cualquier reclamo o demanda que surja de mi participaci\u00f3n.<\/p>\n<p><!-- \/wp:paragraph --><!-- wp:list {\"type\":\"upper-roman\",\"start\":5} --><\/p>\n<ul>\n<li style=\"list-style-type: none;\">\n<ul><!-- wp:list-item {\"style\":{\"elements\":{\"link\":{\"color\":{\"text\":\"var:preset|color|palette-color-4\"}}}},\"textColor\":\"palette-color-4\",\"fontSize\":\"medium\"} --><\/ul>\n<\/li>\n<\/ul>\n<ul>\n<li style=\"list-style-type: none;\">\n<ul>\n<li><strong>Medical Expenses<\/strong><\/li>\n<\/ul>\n<\/li>\n<\/ul>\n<p><!-- \/wp:list-item --><\/p>\n<p><!-- \/wp:list --><!-- wp:paragraph {\"style\":{\"elements\":{\"link\":{\"color\":{\"text\":\"var:preset|color|palette-color-4\"}}}},\"textColor\":\"palette-color-4\",\"fontSize\":\"medium\"} --><\/p>\n<p>I am financially responsible for any medical care or treatment I may require during the tour.<\/p>\n<p><!-- \/wp:paragraph --><!-- wp:list {\"ordered\":true,\"start\":4} --><\/p>\n<ol start=\"4\">\n<li style=\"list-style-type: none;\">\n<ol start=\"4\"><!-- wp:list-item {\"style\":{\"elements\":{\"link\":{\"color\":{\"text\":\"var:preset|color|palette-color-4\"}}}},\"textColor\":\"palette-color-4\",\"fontSize\":\"medium\"} --><\/ol>\n<\/li>\n<\/ol>\n<ol start=\"4\">\n<li style=\"list-style-type: none;\">\n<ol start=\"4\">\n<li><strong>Health Conditions<\/strong><\/li>\n<\/ol>\n<\/li>\n<\/ol>\n<p><!-- \/wp:list-item --><\/p>\n<p><!-- \/wp:list --><!-- wp:paragraph {\"style\":{\"elements\":{\"link\":{\"color\":{\"text\":\"var:preset|color|palette-color-4\"}}}},\"textColor\":\"palette-color-4\",\"fontSize\":\"medium\"} --><\/p>\n<p>I agree to disclose any medical condition that may affect my participation in the tour to the staff.<\/p>\n<p><!-- \/wp:paragraph --><!-- wp:list {\"ordered\":true,\"start\":5} --><\/p>\n<ol start=\"5\">\n<li style=\"list-style-type: none;\">\n<ol start=\"5\"><!-- wp:list-item {\"style\":{\"elements\":{\"link\":{\"color\":{\"text\":\"var:preset|color|palette-color-4\"}}}},\"textColor\":\"palette-color-4\",\"fontSize\":\"medium\"} --><\/ol>\n<\/li>\n<\/ol>\n<ol start=\"5\">\n<li style=\"list-style-type: none;\">\n<ol start=\"5\">\n<li><strong>Emergency Consent<\/strong><\/li>\n<\/ol>\n<\/li>\n<\/ol>\n<p><!-- \/wp:list-item --><\/p>\n<p><!-- \/wp:list --><!-- wp:paragraph {\"style\":{\"elements\":{\"link\":{\"color\":{\"text\":\"var:preset|color|palette-color-4\"}}}},\"textColor\":\"palette-color-4\",\"fontSize\":\"medium\"} --><\/p>\n<p>En caso de emergencia, autorizo a\u00a0Gaviota Company Tour CR a buscar atenci\u00f3n m\u00e9dica en mi nombre.<\/p>\n<p><!-- \/wp:paragraph --><!-- wp:list {\"ordered\":true,\"start\":6} --><\/p>\n<ol start=\"6\">\n<li style=\"list-style-type: none;\">\n<ol start=\"6\"><!-- wp:list-item {\"style\":{\"elements\":{\"link\":{\"color\":{\"text\":\"var:preset|color|palette-color-4\"}}}},\"textColor\":\"palette-color-4\",\"fontSize\":\"medium\"} --><\/ol>\n<\/li>\n<\/ol>\n<ol start=\"6\">\n<li style=\"list-style-type: none;\">\n<ol start=\"6\">\n<li><strong>Code of Conduct<\/strong><\/li>\n<\/ol>\n<\/li>\n<\/ol>\n<p><!-- \/wp:list-item --><\/p>\n<p><!-- \/wp:list --><!-- wp:paragraph {\"style\":{\"elements\":{\"link\":{\"color\":{\"text\":\"var:preset|color|palette-color-4\"}}}},\"textColor\":\"palette-color-4\",\"fontSize\":\"medium\"} --><\/p>\n<p>Como participante me responsabilizo en mantener un comportamiento respetuoso hac\u00eda el capit\u00e1n, el gu\u00eda y los otros integrantes del tour. Adem\u00e1s de cumplir con las normas de salud y seguridad establecidas por Gaviota Company Tour CR y seguir las indicaciones del personal en todo momento.<\/p>\n<p><!-- \/wp:paragraph --><!-- wp:list {\"ordered\":true,\"start\":7} --><\/p>\n<ol start=\"7\">\n<li style=\"list-style-type: none;\">\n<ol start=\"7\"><!-- wp:list-item {\"style\":{\"elements\":{\"link\":{\"color\":{\"text\":\"var:preset|color|palette-color-4\"}}}},\"textColor\":\"palette-color-4\",\"fontSize\":\"medium\"} --><\/ol>\n<\/li>\n<\/ol>\n<ol start=\"7\">\n<li style=\"list-style-type: none;\">\n<ol start=\"7\">\n<li><strong>Liability for Damages<\/strong><\/li>\n<\/ol>\n<\/li>\n<\/ol>\n<p><!-- \/wp:list-item --><\/p>\n<p><!-- \/wp:list --><!-- wp:paragraph {\"style\":{\"elements\":{\"link\":{\"color\":{\"text\":\"var:preset|color|palette-color-4\"}}}},\"textColor\":\"palette-color-4\",\"fontSize\":\"medium\"} --><\/p>\n<p>Me comprometo a asumir la responsabilidad financiera por cualquier da\u00f1o que cause, ya sea a la propiedad de Gaviota Company Tour CR o a terceros, durante el transcurso del tour.<\/p>\n<p><!-- \/wp:paragraph --><!-- wp:list {\"ordered\":true,\"start\":8} --><\/p>\n<ol start=\"8\">\n<li style=\"list-style-type: none;\">\n<ol start=\"8\"><!-- wp:list-item {\"style\":{\"elements\":{\"link\":{\"color\":{\"text\":\"var:preset|color|palette-color-4\"}}}},\"textColor\":\"palette-color-4\",\"fontSize\":\"medium\"} --><\/ol>\n<\/li>\n<\/ol>\n<ol start=\"8\">\n<li style=\"list-style-type: none;\">\n<ol start=\"8\">\n<li><strong>Insurance<\/strong><\/li>\n<\/ol>\n<\/li>\n<\/ol>\n<p><!-- \/wp:list-item --><\/p>\n<p><!-- \/wp:list --><!-- wp:paragraph {\"style\":{\"elements\":{\"link\":{\"color\":{\"text\":\"var:preset|color|palette-color-4\"}}}},\"textColor\":\"palette-color-4\",\"fontSize\":\"medium\"} --><\/p>\n<p>Entiendo que debo contar con mi propio seguro de salud. Gaviota Company Tour CR proporciona una p\u00f3liza de seguro que cubre durante el tour. Adem\u00e1s, Gaviota Company Tour CR no se hace responsable de los da\u00f1os y perjuicios que ocurran antes o despu\u00e9s de la actividad contratada.<\/p>\n<p><!-- \/wp:paragraph --><!-- wp:list {\"ordered\":true,\"start\":9} --><\/p>\n<ol start=\"9\">\n<li style=\"list-style-type: none;\">\n<ol start=\"9\"><!-- wp:list-item {\"style\":{\"elements\":{\"link\":{\"color\":{\"text\":\"var:preset|color|palette-color-4\"}}}},\"textColor\":\"palette-color-4\",\"fontSize\":\"medium\"} --><\/ol>\n<\/li>\n<\/ol>\n<ol start=\"9\">\n<li style=\"list-style-type: none;\">\n<ol start=\"9\">\n<li><strong>Photographs and Recordings<\/strong><\/li>\n<\/ol>\n<\/li>\n<\/ol>\n<p><!-- \/wp:list-item --><\/p>\n<p><!-- \/wp:list --><!-- wp:paragraph {\"style\":{\"elements\":{\"link\":{\"color\":{\"text\":\"var:preset|color|palette-color-4\"}}}},\"textColor\":\"palette-color-4\",\"fontSize\":\"medium\"} --><\/p>\n<p>Acepto que\u00a0Gaviota Company Tour CR pueda tomar fotograf\u00edas o grabaciones durante el recorrido. Adem\u00e1s, al aceptar el recorrido, soy consciente de que le estoy otorgando los derechos de imagen a Gaviota Company Tour CR para ser utilizados con fines promocionales.<\/p>\n<p><!-- \/wp:paragraph --><!-- wp:list {\"ordered\":true,\"start\":10} --><\/p>\n<ol start=\"10\">\n<li style=\"list-style-type: none;\">\n<ol start=\"10\"><!-- wp:list-item {\"style\":{\"elements\":{\"link\":{\"color\":{\"text\":\"var:preset|color|palette-color-4\"}}}},\"textColor\":\"palette-color-4\",\"fontSize\":\"medium\"} --><\/ol>\n<\/li>\n<\/ol>\n<ol start=\"10\">\n<li style=\"list-style-type: none;\">\n<ol start=\"10\">\n<li><strong>Competence and Coercion<\/strong><\/li>\n<\/ol>\n<\/li>\n<\/ol>\n<p><!-- \/wp:list-item --><\/p>\n<p><!-- \/wp:list --><!-- wp:paragraph {\"style\":{\"elements\":{\"link\":{\"color\":{\"text\":\"var:preset|color|palette-color-4\"}}}},\"textColor\":\"palette-color-4\",\"fontSize\":\"medium\"} --><\/p>\n<p>This Agreement is entered under fair conditions, without coercion. Both parties agree that this Agreement is clear and unambiguous<\/p>\n<p><!-- \/wp:paragraph --><!-- wp:list {\"ordered\":true,\"start\":11} --><\/p>\n<ol start=\"11\">\n<li style=\"list-style-type: none;\">\n<ol start=\"11\"><!-- wp:list-item {\"style\":{\"elements\":{\"link\":{\"color\":{\"text\":\"var:preset|color|palette-color-4\"}}}},\"textColor\":\"palette-color-4\",\"fontSize\":\"medium\"} --><\/ol>\n<\/li>\n<\/ol>\n<ol start=\"11\">\n<li style=\"list-style-type: none;\">\n<ol start=\"11\">\n<li><strong>Severability<\/strong><\/li>\n<\/ol>\n<\/li>\n<\/ol>\n<p><!-- \/wp:list-item --><\/p>\n<p><!-- \/wp:list --><!-- wp:paragraph {\"style\":{\"elements\":{\"link\":{\"color\":{\"text\":\"var:preset|color|palette-color-4\"}}}},\"textColor\":\"palette-color-4\",\"fontSize\":\"medium\"} --><\/p>\n<p>If any provision of this Agreement is deemed invalid, the remainder of the Agreement shall remain in effect.<\/p>\n<p><!-- \/wp:paragraph --><!-- wp:list {\"ordered\":true,\"start\":12} --><\/p>\n<ol start=\"12\">\n<li style=\"list-style-type: none;\">\n<ol start=\"12\"><!-- wp:list-item {\"style\":{\"elements\":{\"link\":{\"color\":{\"text\":\"var:preset|color|palette-color-4\"}}}},\"textColor\":\"palette-color-4\",\"fontSize\":\"medium\"} --><\/ol>\n<\/li>\n<\/ol>\n<ol start=\"12\">\n<li style=\"list-style-type: none;\">\n<ol start=\"12\">\n<li><strong>Agreement Acceptance<\/strong><\/li>\n<\/ol>\n<\/li>\n<\/ol>\n<p><!-- \/wp:list-item --><\/p>\n<p><!-- \/wp:list --><!-- wp:paragraph {\"style\":{\"elements\":{\"link\":{\"color\":{\"text\":\"var:preset|color|palette-color-4\"}}}},\"textColor\":\"palette-color-4\",\"fontSize\":\"medium\"} --><\/p>\n<p>I certify that I have read this Agreement, understand its contents, and accept it voluntarily. If the participant is a minor (under 18 years old), they must be accompanied by a responsible adult, and this declaration must be accepted by the parent or guardian. By taking the tour, I agree to the terms and conditions of the contract.<\/p>\n<p><!-- \/wp:paragraph --><!-- wp:paragraph --><\/p>\n<p><!-- \/wp:paragraph --><\/p>\t\t\t\t\t\t\t\t<\/div>\n\t\t\t\t<\/div>\n\t\t\t\t\t<\/div>\n\t\t\t\t<\/div>\n\t\t\t\t<\/div>","protected":false},"excerpt":{"rendered":"<p>T\u00e9rminos y Condiciones de\u00a0\u00a0Gaviota Company Tour CR Responsabilidad del Participante Soy consciente de que no debo alimentar a ning\u00fan animal que se encuentre en la vida silvestre durante el tour. Cancelaciones y Reembolsos En caso de que el tour se cancele debido al mal tiempo o fuerza mayor, se reembolsar\u00e1 todo el dinero pagado despu\u00e9s [&hellip;]<\/p>","protected":false},"author":1,"featured_media":0,"parent":0,"menu_order":0,"comment_status":"closed","ping_status":"closed","template":"","meta":{"footnotes":""},"class_list":["post-979","page","type-page","status-publish","hentry"],"blocksy_meta":[],"_links":{"self":[{"href":"https:\/\/gaviotatour.com\/en\/wp-json\/wp\/v2\/pages\/979","targetHints":{"allow":["GET"]}}],"collection":[{"href":"https:\/\/gaviotatour.com\/en\/wp-json\/wp\/v2\/pages"}],"about":[{"href":"https:\/\/gaviotatour.com\/en\/wp-json\/wp\/v2\/types\/page"}],"author":[{"embeddable":true,"href":"https:\/\/gaviotatour.com\/en\/wp-json\/wp\/v2\/users\/1"}],"replies":[{"embeddable":true,"href":"https:\/\/gaviotatour.com\/en\/wp-json\/wp\/v2\/comments?post=979"}],"version-history":[{"count":16,"href":"https:\/\/gaviotatour.com\/en\/wp-json\/wp\/v2\/pages\/979\/revisions"}],"predecessor-version":[{"id":1550,"href":"https:\/\/gaviotatour.com\/en\/wp-json\/wp\/v2\/pages\/979\/revisions\/1550"}],"wp:attachment":[{"href":"https:\/\/gaviotatour.com\/en\/wp-json\/wp\/v2\/media?parent=979"}],"curies":[{"name":"wp","href":"https:\/\/api.w.org\/{rel}","templated":true}]}}